{"id":72,"date":"2018-02-06T17:27:11","date_gmt":"2018-02-06T17:27:11","guid":{"rendered":"http:\/\/spboguszewo.gruta.pl\/?page_id=72"},"modified":"2018-02-06T17:27:11","modified_gmt":"2018-02-06T17:27:11","slug":"modernizacja-oddzialow-przedszkolnych","status":"publish","type":"page","link":"https:\/\/spboguszewo.gruta.pl\/?page_id=72","title":{"rendered":"Modernizacja oddzia\u0142\u00f3w przedszkolnych"},"content":{"rendered":"<p><img loading=\"lazy\" decoding=\"async\" class=\"wp-image-74 aligncenter\" src=\"http:\/\/spboguszewo.gruta.pl\/wp-content\/uploads\/2018\/02\/logo_efs_kapital_ludzki-300x53.jpg\" alt=\"\" width=\"600\" height=\"106\" srcset=\"https:\/\/spboguszewo.gruta.pl\/wp-content\/uploads\/2018\/02\/logo_efs_kapital_ludzki-300x53.jpg 300w, https:\/\/spboguszewo.gruta.pl\/wp-content\/uploads\/2018\/02\/logo_efs_kapital_ludzki-768x135.jpg 768w, https:\/\/spboguszewo.gruta.pl\/wp-content\/uploads\/2018\/02\/logo_efs_kapital_ludzki-1024x180.jpg 1024w, https:\/\/spboguszewo.gruta.pl\/wp-content\/uploads\/2018\/02\/logo_efs_kapital_ludzki-1013x179.jpg 1013w, https:\/\/spboguszewo.gruta.pl\/wp-content\/uploads\/2018\/02\/logo_efs_kapital_ludzki.jpg 1674w\" sizes=\"auto, (max-width: 600px) 100vw, 600px\" \/>W naszej szkole realizowany jest projekt &#8222;Modernizacja oddzia\u0142\u00f3w przedszkolnych&#8221;, w ramach projektu POKL przy udziale dotacji celowej bud\u017cetu pa\u0144stwa. Celem projektu jest przygotowanie oddzia\u0142\u00f3w przedszkolnych do \u015bwiadczenia us\u0142ug edukacyjnych na najwy\u017cszym poziomie i przygotowanie do obj\u0119cia opiek\u0105 przedszkoln\u0105 coraz m\u0142odszych przedszkolak\u00f3w. Wysoko\u015b\u0107 dotacji w nasze plac\u00f3wce to kwota ponad 87 tys. z\u0142otych.<\/p>\n<p>W ramach projektu zakupione zostan\u0105 min. meble, stoliki, krzese\u0142ka, zabawki, artyku\u0142y papiernicze i tablica multimedialna. Dodatkowo doposa\u017cona zostanie kuchnia, aby zapewni\u0107 dzieciom po\u017cywienie oraz urz\u0105dzenia zapewniaj\u0105ce utrzymanie czysto\u015bci . Zaplanowano tak\u017ce zakup urz\u0105dzenia wielofunkcyjnego na plac zabaw.<\/p>\n","protected":false},"excerpt":{"rendered":"<p>W naszej szkole realizowany jest projekt &#8222;Modernizacja oddzia\u0142\u00f3w przedszkolnych&#8221;, w ramach projektu POKL przy udziale dotacji celowej bud\u017cetu pa\u0144stwa. Celem projektu jest przygotowanie oddzia\u0142\u00f3w przedszkolnych do \u015bwiadczenia us\u0142ug edukacyjnych na najwy\u017cszym poziomie i przygotowanie do obj\u0119cia opiek\u0105 przedszkoln\u0105 coraz m\u0142odszych przedszkolak\u00f3w. Wysoko\u015b\u0107 dotacji w nasze plac\u00f3wce to kwota ponad 87 &hellip;<\/p>\n","protected":false},"author":1,"featured_media":0,"parent":70,"menu_order":0,"comment_status":"closed","ping_status":"closed","template":"","meta":{"footnotes":""},"class_list":["post-72","page","type-page","status-publish","hentry"],"_links":{"self":[{"href":"https:\/\/spboguszewo.gruta.pl\/index.php?rest_route=\/wp\/v2\/pages\/72","targetHints":{"allow":["GET"]}}],"collection":[{"href":"https:\/\/spboguszewo.gruta.pl\/index.php?rest_route=\/wp\/v2\/pages"}],"about":[{"href":"https:\/\/spboguszewo.gruta.pl\/index.php?rest_route=\/wp\/v2\/types\/page"}],"author":[{"embeddable":true,"href":"https:\/\/spboguszewo.gruta.pl\/index.php?rest_route=\/wp\/v2\/users\/1"}],"replies":[{"embeddable":true,"href":"https:\/\/spboguszewo.gruta.pl\/index.php?rest_route=%2Fwp%2Fv2%2Fcomments&post=72"}],"version-history":[{"count":1,"href":"https:\/\/spboguszewo.gruta.pl\/index.php?rest_route=\/wp\/v2\/pages\/72\/revisions"}],"predecessor-version":[{"id":75,"href":"https:\/\/spboguszewo.gruta.pl\/index.php?rest_route=\/wp\/v2\/pages\/72\/revisions\/75"}],"up":[{"embeddable":true,"href":"https:\/\/spboguszewo.gruta.pl\/index.php?rest_route=\/wp\/v2\/pages\/70"}],"wp:attachment":[{"href":"https:\/\/spboguszewo.gruta.pl\/index.php?rest_route=%2Fwp%2Fv2%2Fmedia&parent=72"}],"curies":[{"name":"wp","href":"https:\/\/api.w.org\/{rel}","templated":true}]}}