{"id":6,"date":"2018-02-06T11:32:03","date_gmt":"2018-02-06T11:32:03","guid":{"rendered":"http:\/\/spboguszewo.gruta.pl\/?page_id=6"},"modified":"2018-02-06T12:00:14","modified_gmt":"2018-02-06T12:00:14","slug":"historia-szkoly","status":"publish","type":"page","link":"https:\/\/spboguszewo.gruta.pl\/?page_id=6","title":{"rendered":"Historia szko\u0142y"},"content":{"rendered":"<p>Szko\u0142a Podstawowa im. Jana Paw\u0142a II \u00a0znajduje si\u0119 we wsi Boguszewo. W 2012 roku obchodzi\u0142a 100 \u2013 lecie swojego istnienia, gdy\u017c zosta\u0142a wybudowana w 1912 roku. Pocz\u0105tkowo by\u0142a to niemiecka szko\u0142a dwuklasowa w kt\u00f3rej nauczali dwaj nauczyciele. Ucz\u0119szcza\u0142y do niej dzieci z Boguszewa, kt\u00f3re uczy\u0142y si\u0119 w niej j\u0119zyka niemieckiego, matematyki, historii, geografii, przyrody, rysunk\u00f3w i \u015bpiewu. Wraz z odzyskaniem wolno\u015bci w 1918 r. szko\u0142a niemiecka sta\u0142a si\u0119 szko\u0142\u0105 polsk\u0105. W j\u0119zyku polskim nauczano w\u00f3wczas religii, a p\u00f3\u017aniej stopniowo innych przedmiot\u00f3w, tj.: j\u0119zyka polskiego, matematyki z geometri\u0105, przyrody, geografii, historii, gimnastyki, a dziewczynki rob\u00f3tek r\u0119cznych. Kierownikiem dwuklasowej Publicznej Szko\u0142y Powszechnej, do kt\u00f3rej chodzi\u0142o oko\u0142o 60 do 80 dzieci, zosta\u0142 nauczyciel Alojzy Firyn pochodz\u0105cy z Galicji, a potem Jan Kreft.<\/p>\n<p>W latach 1939-1945, polsk\u0105 szko\u0142\u0119 zmieniono w niemieck\u0105, a jej kierownikiem zosta\u0142 Ludwik Esterlein. Ucz\u0119szcza\u0142y do niej dzieci z rodzin niemieckich i Volksdeutsch\u00f3w.<\/p>\n<p>W styczniu w 1945 roku \u00a0Boguszewo zosta\u0142o wyzwolone spod okupacji Niemiec. W kwietniu tego\u017c roku, dzi\u0119ki p. Osi\u0144skiej otwarto we wsi polsk\u0105 szko\u0142\u0119. Pierwszym jej kierownikiem sta\u0142 si\u0119 J\u00f3zef Pa\u0144ka, a w 1946 r. ponownie Edward Kreft.<\/p>\n<p>Po wojnie w Boguszewie przybywa\u0142o ludno\u015bci, a wi\u0119c i dzieci. W zwi\u0105zku z tym w 1966 roku podj\u0119to decyzj\u0119 o rozbudowie szko\u0142y. Wybudowano nowy pawilon szkolny i odt\u0105d lekcje odbywa\u0142y si\u0119 r\u00f3wnie\u017c w nowym budynku.<\/p>\n<p>W latach 1969 &#8211; 1991 \u00a0kierownikiem szko\u0142y by\u0142a pani mgr Helena Bu\u0142gajewska.<\/p>\n<p>W 1991 funkcj\u0119 dyrektora obj\u0105\u0142 pan mgr Piotr Banaszkiewicz.<\/p>\n<p><img decoding=\"async\" src=\"http:\/\/sp.boguszewo.pl\/images\/stories\/inne\/6.jpg\" border=\"0\" \/>W\u00f3wczas liczba dzieci ucz\u0119szczaj\u0105cych do szko\u0142y w Boguszewie wzros\u0142a do oko\u0142o 150 os\u00f3b. Szko\u0142a sta\u0142a si\u0119 za ma\u0142a dla takiej ilo\u015bci dzieci i trzeba by\u0142o znowu j\u0105 rozbudowa\u0107. W 1992 roku z inicjatywy w\u00f3jta gminy Gruta- Bo\u017ces\u0142awa Tafelskiego oraz Rady Gminy rozpocz\u0119to kolejn\u0105 rozbudow\u0119 szko\u0142y. Budow\u0119 wspar\u0142 powo\u0142any Komitet Rozbudowy Szko\u0142y pod kierownictwem pana Grzegorza Franka. Z jego pomoc\u0105 oraz przy wsparciu Zootechnicznego Zak\u0142adu Do\u015bwiadczalnego w Me\u0142nie, Rolniczej Sp\u00f3\u0142dzielni Produkcyjnej w Go\u0142\u0119biewku, Cukrowni w Me\u0142nie, a tak\u017ce mieszka\u0144c\u00f3w wsi Boguszewa, Me\u0142na, Go\u0142\u0119biewka i Kitnowa rozbudowano szko\u0142\u0119, a w 1998 roku oddano tak\u017ce do u\u017cytku nowo wybudowan\u0105 sal\u0119 gimnastyczn\u0105.<\/p>\n<p><img loading=\"lazy\" decoding=\"async\" src=\"http:\/\/sp.boguszewo.pl\/images\/stories\/inne\/Obraz.jpg\" width=\"300\" height=\"190\" border=\"0\" \/>W 2005 roku z inicjatywy dyrektora Piotra Banaszkiewicza, kadry pedagogicznej i pracownik\u00f3w szko\u0142y, Szko\u0142a Podstawowa w Boguszewie, otrzyma\u0142a imi\u0119 wielkiego Polaka \u2013 Papie\u017ca Jana Paw\u0142a II oraz w\u0142asny sztandar z jego wizerunkiem ufundowanym przez mieszka\u0144c\u00f3w wsi Boguszewa, Me\u0142na, Go\u0142\u0119biewka i Kitnowa oraz wielu innych sponsor\u00f3w. Przed budynkiem szko\u0142y\u00a0 postawiono g\u0142az upami\u0119tniaj\u0105cy posta\u0107 wielkiego Polaka Jana Paw\u0142a II, kt\u00f3ry jest patronem tej szko\u0142y.<\/p>\n<p>W 2007 roku dyrektor Piotr Banaszkiewicz odszed\u0142 na emerytur\u0119, a funkcj\u0119 dyrektora Szko\u0142y Podstawowej im. Jana Paw\u0142a II w Boguszewie powierzono\u00a0 pani mgr Aldonie Szczapi\u0144skiej.<\/p>\n<p>W roku 2011 pani\u0105 Aldon\u0119 zast\u0105pi\u0142a pani Agnieszka Wolska- dotychczasowy nauczyciel wychowania fizycznego i przyrody w szkole.<\/p>\n<p>Od wrze\u015bnia 2012 \u00a0roku dyrektorem szko\u0142y jest pani Hanna P\u0119ksa.<\/p>\n<p><em>Autor: Mariola Franek<\/em><\/p>\n","protected":false},"excerpt":{"rendered":"<p>Szko\u0142a Podstawowa im. Jana Paw\u0142a II \u00a0znajduje si\u0119 we wsi Boguszewo. W 2012 roku obchodzi\u0142a 100 \u2013 lecie swojego istnienia, gdy\u017c zosta\u0142a wybudowana w 1912 roku. Pocz\u0105tkowo by\u0142a to niemiecka szko\u0142a dwuklasowa w kt\u00f3rej nauczali dwaj nauczyciele. Ucz\u0119szcza\u0142y do niej dzieci z Boguszewa, kt\u00f3re uczy\u0142y si\u0119 w niej j\u0119zyka niemieckiego, &hellip;<\/p>\n","protected":false},"author":1,"featured_media":0,"parent":21,"menu_order":0,"comment_status":"closed","ping_status":"closed","template":"","meta":{"footnotes":""},"class_list":["post-6","page","type-page","status-publish","hentry"],"_links":{"self":[{"href":"https:\/\/spboguszewo.gruta.pl\/index.php?rest_route=\/wp\/v2\/pages\/6","targetHints":{"allow":["GET"]}}],"collection":[{"href":"https:\/\/spboguszewo.gruta.pl\/index.php?rest_route=\/wp\/v2\/pages"}],"about":[{"href":"https:\/\/spboguszewo.gruta.pl\/index.php?rest_route=\/wp\/v2\/types\/page"}],"author":[{"embeddable":true,"href":"https:\/\/spboguszewo.gruta.pl\/index.php?rest_route=\/wp\/v2\/users\/1"}],"replies":[{"embeddable":true,"href":"https:\/\/spboguszewo.gruta.pl\/index.php?rest_route=%2Fwp%2Fv2%2Fcomments&post=6"}],"version-history":[{"count":1,"href":"https:\/\/spboguszewo.gruta.pl\/index.php?rest_route=\/wp\/v2\/pages\/6\/revisions"}],"predecessor-version":[{"id":7,"href":"https:\/\/spboguszewo.gruta.pl\/index.php?rest_route=\/wp\/v2\/pages\/6\/revisions\/7"}],"up":[{"embeddable":true,"href":"https:\/\/spboguszewo.gruta.pl\/index.php?rest_route=\/wp\/v2\/pages\/21"}],"wp:attachment":[{"href":"https:\/\/spboguszewo.gruta.pl\/index.php?rest_route=%2Fwp%2Fv2%2Fmedia&parent=6"}],"curies":[{"name":"wp","href":"https:\/\/api.w.org\/{rel}","templated":true}]}}