{"id":44,"date":"2018-02-06T16:50:50","date_gmt":"2018-02-06T16:50:50","guid":{"rendered":"http:\/\/spboguszewo.gruta.pl\/?page_id=44"},"modified":"2021-11-21T18:51:26","modified_gmt":"2021-11-21T18:51:26","slug":"pomoc-psychologiczno-pedagogiczna","status":"publish","type":"page","link":"https:\/\/spboguszewo.gruta.pl\/?page_id=44","title":{"rendered":"Pomoc Psychologiczno-Pedagogiczna"},"content":{"rendered":"<div class=\"article-content\">\n<p>W Szkole Podstawowej w Boguszewie funkcjonuje pomoc psychologiczno-pedagogiczna dla uczni\u00f3w. Koordynacj\u0105 dzia\u0142a\u0144 w tym zakresie zajmuj\u0105 si\u0119 wychowawcy klas:<\/p>\n<p>klasa I- Ma\u0142gorzataJadzi\u0144ska<\/p>\n<p>Klasa III- Hanna P\u0119ksa<\/p>\n<p>klasa IV- Marta Jaworska<\/p>\n<p>klasa V- Katarzyna Matulewska<\/p>\n<p>Klasa VI- Mirela W\u00f3jtowicz<\/p>\n<p>Klasa VII- Ma\u0142gorzata Kwiryng<\/p>\n<p>Klasa VIII- Marek Bara\u0144ski<\/p>\n<p>Dodatkowo wsparcia udziela pedagog szkolny <strong>mgr Marta Kmiecik,<\/strong> logopeda <strong>mgr Hanna Dziubkowska oraz psycholog.<br \/>\n<\/strong><\/p>\n<p style=\"text-align: center;\"><strong><em>Dy\u017cury pedagoga szkolnego:<\/em><\/strong><\/p>\n<p style=\"text-align: center;\"><strong>Pi\u0105tek godz. 10.00-15.00<\/strong><\/p>\n<p style=\"text-align: center;\"><strong><em>Logopeda:<\/em><\/strong><\/p>\n<p style=\"text-align: center;\"><strong>Wtorek godz.12.15-14.15<br \/>\n<\/strong><\/p>\n<p style=\"text-align: center;\"><em><strong>Psycholog szkolny:<\/strong><\/em><\/p>\n<p style=\"text-align: center;\"><em><strong>poniedzia\u0142ek godz. 10.15- 12.15<\/strong><\/em><\/p>\n<\/div>\n","protected":false},"excerpt":{"rendered":"<p>W Szkole Podstawowej w Boguszewie funkcjonuje pomoc psychologiczno-pedagogiczna dla uczni\u00f3w. Koordynacj\u0105 dzia\u0142a\u0144 w tym zakresie zajmuj\u0105 si\u0119 wychowawcy klas: klasa I- Ma\u0142gorzataJadzi\u0144ska Klasa III- Hanna P\u0119ksa klasa IV- Marta Jaworska klasa V- Katarzyna Matulewska Klasa VI- Mirela W\u00f3jtowicz Klasa VII- Ma\u0142gorzata Kwiryng Klasa VIII- Marek Bara\u0144ski Dodatkowo wsparcia udziela pedagog &hellip;<\/p>\n","protected":false},"author":1,"featured_media":0,"parent":21,"menu_order":0,"comment_status":"closed","ping_status":"closed","template":"","meta":{"footnotes":""},"class_list":["post-44","page","type-page","status-publish","hentry"],"_links":{"self":[{"href":"https:\/\/spboguszewo.gruta.pl\/index.php?rest_route=\/wp\/v2\/pages\/44","targetHints":{"allow":["GET"]}}],"collection":[{"href":"https:\/\/spboguszewo.gruta.pl\/index.php?rest_route=\/wp\/v2\/pages"}],"about":[{"href":"https:\/\/spboguszewo.gruta.pl\/index.php?rest_route=\/wp\/v2\/types\/page"}],"author":[{"embeddable":true,"href":"https:\/\/spboguszewo.gruta.pl\/index.php?rest_route=\/wp\/v2\/users\/1"}],"replies":[{"embeddable":true,"href":"https:\/\/spboguszewo.gruta.pl\/index.php?rest_route=%2Fwp%2Fv2%2Fcomments&post=44"}],"version-history":[{"count":3,"href":"https:\/\/spboguszewo.gruta.pl\/index.php?rest_route=\/wp\/v2\/pages\/44\/revisions"}],"predecessor-version":[{"id":1441,"href":"https:\/\/spboguszewo.gruta.pl\/index.php?rest_route=\/wp\/v2\/pages\/44\/revisions\/1441"}],"up":[{"embeddable":true,"href":"https:\/\/spboguszewo.gruta.pl\/index.php?rest_route=\/wp\/v2\/pages\/21"}],"wp:attachment":[{"href":"https:\/\/spboguszewo.gruta.pl\/index.php?rest_route=%2Fwp%2Fv2%2Fmedia&parent=44"}],"curies":[{"name":"wp","href":"https:\/\/api.w.org\/{rel}","templated":true}]}}