{"id":29,"date":"2018-02-06T12:05:25","date_gmt":"2018-02-06T12:05:25","guid":{"rendered":"http:\/\/spboguszewo.gruta.pl\/?page_id=29"},"modified":"2018-02-06T12:05:25","modified_gmt":"2018-02-06T12:05:25","slug":"centrum-czytelnicze","status":"publish","type":"page","link":"https:\/\/spboguszewo.gruta.pl\/?page_id=29","title":{"rendered":"Centrum czytelnicze"},"content":{"rendered":"<p>W naszej szkole funkcjonuje biblioteka szkolna i biblioteka publiczna. Mog\u0105 z nich korzysta\u0107 uczniowie naszej szko\u0142y oraz mieszka\u0144cy wsi Boguszewo i okolicznych miejscowo\u015bci. Opiekunem zar\u00f3wno biblioteki szkolnej jak i publicznej jest pani Izabela Ostrowska.<\/p>\n<p><strong><img decoding=\"async\" src=\"http:\/\/sp.boguszewo.pl\/images\/stories\/inne\/centrum1.jpg\" border=\"0\" \/><\/strong><\/p>\n<p style=\"text-align: center;\"><strong>Biblioteka szkolna czynna w godzinach:<\/strong><\/p>\n<p style=\"text-align: center;\"><strong><em>Poniedzia\u0142ek<\/em><\/strong><\/p>\n<p style=\"text-align: center;\"><strong><em>10:00 &#8211; 12.00<\/em><\/strong><\/p>\n","protected":false},"excerpt":{"rendered":"<p>W naszej szkole funkcjonuje biblioteka szkolna i biblioteka publiczna. Mog\u0105 z nich korzysta\u0107 uczniowie naszej szko\u0142y oraz mieszka\u0144cy wsi Boguszewo i okolicznych miejscowo\u015bci. Opiekunem zar\u00f3wno biblioteki szkolnej jak i publicznej jest pani Izabela Ostrowska. Biblioteka szkolna czynna w godzinach: Poniedzia\u0142ek 10:00 &#8211; 12.00<\/p>\n","protected":false},"author":1,"featured_media":0,"parent":21,"menu_order":0,"comment_status":"closed","ping_status":"closed","template":"","meta":{"footnotes":""},"class_list":["post-29","page","type-page","status-publish","hentry"],"_links":{"self":[{"href":"https:\/\/spboguszewo.gruta.pl\/index.php?rest_route=\/wp\/v2\/pages\/29","targetHints":{"allow":["GET"]}}],"collection":[{"href":"https:\/\/spboguszewo.gruta.pl\/index.php?rest_route=\/wp\/v2\/pages"}],"about":[{"href":"https:\/\/spboguszewo.gruta.pl\/index.php?rest_route=\/wp\/v2\/types\/page"}],"author":[{"embeddable":true,"href":"https:\/\/spboguszewo.gruta.pl\/index.php?rest_route=\/wp\/v2\/users\/1"}],"replies":[{"embeddable":true,"href":"https:\/\/spboguszewo.gruta.pl\/index.php?rest_route=%2Fwp%2Fv2%2Fcomments&post=29"}],"version-history":[{"count":1,"href":"https:\/\/spboguszewo.gruta.pl\/index.php?rest_route=\/wp\/v2\/pages\/29\/revisions"}],"predecessor-version":[{"id":30,"href":"https:\/\/spboguszewo.gruta.pl\/index.php?rest_route=\/wp\/v2\/pages\/29\/revisions\/30"}],"up":[{"embeddable":true,"href":"https:\/\/spboguszewo.gruta.pl\/index.php?rest_route=\/wp\/v2\/pages\/21"}],"wp:attachment":[{"href":"https:\/\/spboguszewo.gruta.pl\/index.php?rest_route=%2Fwp%2Fv2%2Fmedia&parent=29"}],"curies":[{"name":"wp","href":"https:\/\/api.w.org\/{rel}","templated":true}]}}