{"id":244,"date":"2018-03-12T11:31:24","date_gmt":"2018-03-12T11:31:24","guid":{"rendered":"http:\/\/spboguszewo.gruta.pl\/?page_id=244"},"modified":"2024-02-20T12:31:06","modified_gmt":"2024-02-20T12:31:06","slug":"plan-i-iii","status":"publish","type":"page","link":"https:\/\/spboguszewo.gruta.pl\/?page_id=244","title":{"rendered":"Plan lekcji klas I-III"},"content":{"rendered":"<p><strong>PLAN LEKCJI KLASY I-III<\/strong><\/p>\n<p><strong>KLASA I<\/strong><\/p>\n<table>\n<tbody>\n<tr>\n<td>Lp.<\/td>\n<td><\/td>\n<td>Poniedzia\u0142ek<\/td>\n<td>Wtorek<\/td>\n<td>\u015aroda<\/td>\n<td>Czwartek<\/td>\n<td>Pi\u0105tek<\/td>\n<\/tr>\n<tr>\n<td>1<\/td>\n<td>7.50-8.35<\/td>\n<td><strong>E.W.<\/strong><\/td>\n<td><strong>edukacja informatyczna<\/strong><\/td>\n<td><strong>EW<\/strong><\/td>\n<td><strong>Religia<\/strong><\/td>\n<td><strong>Religia<\/strong><\/td>\n<\/tr>\n<tr>\n<td>2<\/td>\n<td>8.45-9.30<\/td>\n<td><strong>j.angielski<\/strong><\/td>\n<td><strong>EW<\/strong><\/td>\n<td><strong>j.mniejszo\u015bci niem.<\/strong><\/td>\n<td><strong>EW<\/strong><\/td>\n<td><strong>wychowanie fizyczne<\/strong><\/td>\n<\/tr>\n<tr>\n<td>3<\/td>\n<td>9.45-10.30<\/td>\n<td><strong>EW<\/strong><\/td>\n<td><strong>plastyka<br \/>\n<\/strong><\/td>\n<td><strong>EW<\/strong><\/td>\n<td><strong>EW<\/strong><\/td>\n<td><strong>EW<\/strong><\/td>\n<\/tr>\n<tr>\n<td>4<\/td>\n<td>10.40-11.25<\/td>\n<td><strong>EW<\/strong><\/td>\n<td><strong>EW<br \/>\n<\/strong><\/td>\n<td><strong>EW<\/strong><\/td>\n<td><strong>EW<\/strong><\/td>\n<td><strong>EW<\/strong><\/td>\n<\/tr>\n<tr>\n<td>5<\/td>\n<td>11.40-12.25<\/td>\n<td><strong>EW<\/strong><\/td>\n<td><strong>EW<\/strong><\/td>\n<td><strong>wychowanie fizyczne<\/strong><\/td>\n<td><strong>j\u0119zyk angielski<\/strong><\/td>\n<td><strong>EW<\/strong><\/td>\n<\/tr>\n<tr>\n<td>6<\/td>\n<td>12.35-13.20<\/td>\n<td><strong>zaj\u0119cia wyr\u00f3wnawcze<\/strong><\/td>\n<td><\/td>\n<td><\/td>\n<td><\/td>\n<td><\/td>\n<\/tr>\n<tr>\n<td>7<\/td>\n<td>13.30-14.15<\/td>\n<td><\/td>\n<td><\/td>\n<td><\/td>\n<td><\/td>\n<td><\/td>\n<\/tr>\n<tr>\n<td>8<\/td>\n<td>14.20-15.05<\/td>\n<td><\/td>\n<td><\/td>\n<td><\/td>\n<td><\/td>\n<td><\/td>\n<\/tr>\n<tr>\n<td><\/td>\n<td><\/td>\n<td><\/td>\n<td><\/td>\n<td><\/td>\n<td><\/td>\n<td><\/td>\n<\/tr>\n<\/tbody>\n<\/table>\n<p><strong>\u00a0<\/strong><\/p>\n<p>Przydzia\u0142y zaj\u0119\u0107 w klasie I:<\/p>\n<p>EW- edukacja wczesnoszkolna-\u00a0 mgr Hanna P\u0119ksa<\/p>\n<p>wychowanie fizyczne &#8211; mgr Marek Bara\u0144ski<\/p>\n<p>j\u0119zyk angielski- mgr Magdalena Czaplewska<\/p>\n<p>zaj\u0119cia plastyczne, informatyczne &#8211; mgr Ma\u0142gorzata Jadzi\u0144ska<\/p>\n<p>zaj\u0119cia wyr\u00f3wnawcze- mgr Hanna P\u0119ksa<\/p>\n<p>religia &#8211; mgr Joanna Witkowska<\/p>\n<p><strong>KLASA III<\/strong><\/p>\n<table style=\"height: 420px; width: 53.9333%;\">\n<tbody>\n<tr>\n<td style=\"width: 5.30786%;\">Lp.<\/td>\n<td style=\"width: 16.3482%;\"><\/td>\n<td style=\"width: 22.5053%;\">Poniedzia\u0142ek<\/td>\n<td style=\"width: 24.6285%;\">Wtorek<\/td>\n<td style=\"width: 2.12314%;\">\u015aroda<\/td>\n<td style=\"width: 13.1635%;\">Czwartek<\/td>\n<td style=\"width: 53.0426%;\">Pi\u0105tek<\/td>\n<\/tr>\n<tr>\n<td style=\"width: 5.30786%;\">1<\/td>\n<td style=\"width: 16.3482%;\">7.50-8.35<\/td>\n<td style=\"width: 22.5053%;\"><strong>EW<\/strong><\/td>\n<td style=\"width: 24.6285%;\"><strong>J\u0119zyk mn.niem<\/strong><\/td>\n<td style=\"width: 2.12314%;\"><strong>EW<\/strong><\/td>\n<td style=\"width: 13.1635%; padding-left: 30px;\"><strong>RELIGIA<\/strong><\/td>\n<td style=\"width: 53.0426%;\"><strong>EW<\/strong><\/td>\n<\/tr>\n<tr>\n<td style=\"width: 5.30786%;\">2<\/td>\n<td style=\"width: 16.3482%;\">8.45-9.30<\/td>\n<td style=\"width: 22.5053%;\"><strong>EW<\/strong><\/td>\n<td style=\"width: 24.6285%;\"><strong>EW<\/strong><\/td>\n<td style=\"width: 2.12314%;\"><strong>EW<\/strong><\/td>\n<td style=\"width: 13.1635%;\"><strong>EW<\/strong><\/td>\n<td style=\"width: 53.0426%;\"><strong>EW<\/strong><\/td>\n<\/tr>\n<tr>\n<td style=\"width: 5.30786%;\">3<\/td>\n<td style=\"width: 16.3482%;\">9.45-10.30<\/td>\n<td style=\"width: 22.5053%;\"><strong>EW<\/strong><\/td>\n<td style=\"width: 24.6285%;\"><strong>EW<\/strong><\/td>\n<td style=\"width: 2.12314%;\"><strong>EW<\/strong><\/td>\n<td style=\"width: 13.1635%;\"><strong>EW<\/strong><\/td>\n<td style=\"width: 53.0426%;\"><strong>MUZYKA<\/strong><\/td>\n<\/tr>\n<tr>\n<td style=\"width: 5.30786%;\">4<\/td>\n<td style=\"width: 16.3482%;\">10.40-11.25<\/td>\n<td style=\"width: 22.5053%;\"><strong>TECHNIKA<\/strong><\/td>\n<td style=\"width: 24.6285%;\"><strong>EW<\/strong><\/td>\n<td style=\"width: 2.12314%; padding-left: 30px;\"><strong>J\u0119zyk mn. niem<\/strong><\/td>\n<td style=\"width: 13.1635%;\"><strong>J.angielski<\/strong><\/td>\n<td style=\"width: 53.0426%;\"><strong>RELIGIA<\/strong><\/td>\n<\/tr>\n<tr>\n<td style=\"width: 5.30786%;\">5<\/td>\n<td style=\"width: 16.3482%;\">11.40-12.25<\/td>\n<td style=\"width: 22.5053%;\"><strong>J\u0119zyk mn. niem.<\/strong><\/td>\n<td style=\"width: 24.6285%;\"><strong>J\u0119zyk angielski<\/strong><\/td>\n<td style=\"width: 2.12314%;\"><strong>WYCHOWANIE FIZYCZNE<\/strong><\/td>\n<td style=\"width: 13.1635%;\"><strong>PLASTYKA<\/strong><\/td>\n<td style=\"width: 53.0426%;\"><strong>wychowanie fizyczne<\/strong><\/td>\n<\/tr>\n<tr>\n<td style=\"width: 5.30786%;\">6<\/td>\n<td style=\"width: 16.3482%;\">12.35-13.20<\/td>\n<td style=\"width: 22.5053%;\"><strong>ZAJ\u0118CIA TEATRALNO-CZYTEL.<\/strong><\/td>\n<td style=\"width: 24.6285%;\"><strong>zaj. wyr\u00f3wnawcze<\/strong><\/td>\n<td style=\"width: 2.12314%;\"><\/td>\n<td style=\"width: 13.1635%;\"><\/td>\n<td style=\"width: 53.0426%;\"><\/td>\n<\/tr>\n<tr>\n<td style=\"width: 5.30786%;\">7<\/td>\n<td style=\"width: 16.3482%;\">13.30-14.15<\/td>\n<td style=\"width: 22.5053%;\"><\/td>\n<td style=\"width: 24.6285%;\"><\/td>\n<td style=\"width: 2.12314%;\"><\/td>\n<td style=\"width: 13.1635%;\"><\/td>\n<td style=\"width: 53.0426%;\"><\/td>\n<\/tr>\n<tr>\n<td style=\"width: 5.30786%;\">8<\/td>\n<td style=\"width: 16.3482%;\">14.20-15.05<\/td>\n<td style=\"width: 22.5053%;\"><\/td>\n<td style=\"width: 24.6285%;\"><\/td>\n<td style=\"width: 2.12314%;\"><\/td>\n<td style=\"width: 13.1635%;\"><\/td>\n<td style=\"width: 53.0426%;\"><\/td>\n<\/tr>\n<tr>\n<td style=\"width: 5.30786%;\"><\/td>\n<td style=\"width: 16.3482%;\"><\/td>\n<td style=\"width: 22.5053%;\"><\/td>\n<td style=\"width: 24.6285%;\"><\/td>\n<td style=\"width: 2.12314%;\"><\/td>\n<td style=\"width: 13.1635%;\"><\/td>\n<td style=\"width: 53.0426%;\"><\/td>\n<\/tr>\n<\/tbody>\n<\/table>\n<p>Przydzia\u0142y zaj\u0119\u0107:<\/p>\n<p>EW- edukacja wczesnoszkolna -mgr Hanna P\u0119ksa<\/p>\n<p>plastyka, technika- mgr Ma\u0142gorzata Jadzi\u0144ska<\/p>\n<p>wychowanie fizyczne &#8211; mgr Marek Bara\u0144ski<\/p>\n<p>j\u0119zyk angielski- mgr Katarzyna Matulewska<\/p>\n<p>j\u0119zyk mniejszo\u015bci niemieckiej &#8211; mgr Martyna \u0141ukaszewska<\/p>\n<p>zaj\u0119cia czytelniczo- teatralne- mgr Ma\u0142gorzata Kwiryng<\/p>\n<p>zaj\u0119cia wyr\u00f3wnawcze- mgr Hanna P\u0119ksa<\/p>\n","protected":false},"excerpt":{"rendered":"<p>PLAN LEKCJI KLASY I-III KLASA I Lp. Poniedzia\u0142ek Wtorek \u015aroda Czwartek Pi\u0105tek 1 7.50-8.35 E.W. edukacja informatyczna EW Religia Religia 2 8.45-9.30 j.angielski EW j.mniejszo\u015bci niem. EW wychowanie fizyczne 3 9.45-10.30 EW plastyka EW EW EW 4 10.40-11.25 EW EW EW EW EW 5 11.40-12.25 EW EW wychowanie fizyczne j\u0119zyk &hellip;<\/p>\n","protected":false},"author":1,"featured_media":0,"parent":206,"menu_order":2,"comment_status":"closed","ping_status":"closed","template":"","meta":{"footnotes":""},"class_list":["post-244","page","type-page","status-publish","hentry"],"_links":{"self":[{"href":"https:\/\/spboguszewo.gruta.pl\/index.php?rest_route=\/wp\/v2\/pages\/244","targetHints":{"allow":["GET"]}}],"collection":[{"href":"https:\/\/spboguszewo.gruta.pl\/index.php?rest_route=\/wp\/v2\/pages"}],"about":[{"href":"https:\/\/spboguszewo.gruta.pl\/index.php?rest_route=\/wp\/v2\/types\/page"}],"author":[{"embeddable":true,"href":"https:\/\/spboguszewo.gruta.pl\/index.php?rest_route=\/wp\/v2\/users\/1"}],"replies":[{"embeddable":true,"href":"https:\/\/spboguszewo.gruta.pl\/index.php?rest_route=%2Fwp%2Fv2%2Fcomments&post=244"}],"version-history":[{"count":6,"href":"https:\/\/spboguszewo.gruta.pl\/index.php?rest_route=\/wp\/v2\/pages\/244\/revisions"}],"predecessor-version":[{"id":1836,"href":"https:\/\/spboguszewo.gruta.pl\/index.php?rest_route=\/wp\/v2\/pages\/244\/revisions\/1836"}],"up":[{"embeddable":true,"href":"https:\/\/spboguszewo.gruta.pl\/index.php?rest_route=\/wp\/v2\/pages\/206"}],"wp:attachment":[{"href":"https:\/\/spboguszewo.gruta.pl\/index.php?rest_route=%2Fwp%2Fv2%2Fmedia&parent=244"}],"curies":[{"name":"wp","href":"https:\/\/api.w.org\/{rel}","templated":true}]}}