{"id":211,"date":"2018-03-12T08:23:42","date_gmt":"2018-03-12T08:23:42","guid":{"rendered":"http:\/\/spboguszewo.gruta.pl\/?page_id=211"},"modified":"2023-02-23T22:38:18","modified_gmt":"2023-02-23T22:38:18","slug":"statut-szkoly","status":"publish","type":"page","link":"https:\/\/spboguszewo.gruta.pl\/?page_id=211","title":{"rendered":"Statut szko\u0142y"},"content":{"rendered":"<ul>\n<li><a href=\"https:\/\/spboguszewo.gruta.pl\/wp-content\/uploads\/2023\/02\/statut-2022-1.pdf\"><span style=\"font-size: 14pt;\"><strong>statut szko\u0142y<\/strong><\/span><\/a><\/li>\n<li><a href=\"http:\/\/spboguszewo.gruta.pl\/wp-content\/uploads\/2018\/03\/REGULAMIN-RADY-PEDAGOGICZNEJ-SZKO\u0141Y-PODSTAWOWEJ-im.pdf\">REGULAMIN RADY PEDAGOGICZNEJ SZKO\u0141Y PODSTAWOWEJ im<\/a><\/li>\n<li><a href=\"https:\/\/spboguszewo.gruta.pl\/wp-content\/uploads\/2023\/02\/SU_-_Regulamin.pdf\">Regulamin Samorz\u0105du Uczniowskiego Szko\u0142y Podstawowej w Boguszewie<\/a><\/li>\n<li><a href=\"https:\/\/spboguszewo.gruta.pl\/wp-content\/uploads\/2023\/02\/REGULAMIN-RADY-RODZICOW-2017.pdf\">Regulamin Rady Rodzic\u00f3w Szko\u0142y Podstawowej w Boguszewie<\/a><\/li>\n<li>Zasady organizacji lekcji religii i etyki.<\/li>\n<li>Zasady organizacji wychowania do \u017cycia w rodzinie<\/li>\n<li><a href=\"http:\/\/spboguszewo.gruta.pl\/?page_id=175\">Zasady organizacji j\u0119zyka mniejszo\u015bci narodowej i etnicznej.<\/a><\/li>\n<li><a href=\"https:\/\/spboguszewo.gruta.pl\/wp-content\/uploads\/2023\/02\/Regulamin-pracy-w-Szkole-Podstawowej-w-Boguszewie.pdf\">Regulamin pracy<\/a><\/li>\n<li>Procedura przyprowadzania i odprowadzania dzieci z oddzia\u0142u przedszkolnego<\/li>\n<li>Procedura obrotu podr\u0119cznikami z dotacji celowej<\/li>\n<li>Zasady funkcjonowania biblioteki szkolnej<\/li>\n<li>Regulamin \u015bwietlicy <a href=\"http:\/\/spboguszewo.gruta.pl\/wp-content\/uploads\/2018\/03\/Regulamin-zaj\u0119\u0107-\u015bwietlicowych.doc\">Regulamin zaj\u0119\u0107 \u015bwietlicowych<\/a><\/li>\n<li>Procedura Prowadzenia Dokumentacji Elektronicznej Przebiegu Nauczania <a href=\"http:\/\/spboguszewo.gruta.pl\/wp-content\/uploads\/2018\/03\/dziennik-elektroniczny-procedura.pdf\">dziennik elektroniczny procedura<\/a><\/li>\n<li><a href=\"https:\/\/spboguszewo.gruta.pl\/wp-content\/uploads\/2023\/02\/Kodeks-etyki-nauczycieli.pdf\">Kodeks Etyki Nauczycielskiej<\/a><\/li>\n<li><a href=\"https:\/\/spboguszewo.gruta.pl\/wp-content\/uploads\/2023\/02\/organizacja_przyjmowania_skarg_i_wnioskw_w_szkole.pdf\">Procedura wnoszenia i rozpatrywania skarg.<\/a><\/li>\n<li>Wewn\u0105trzszkolne Zasady Oceniania <a href=\"http:\/\/spboguszewo.gruta.pl\/wp-content\/uploads\/2018\/03\/WZO-bez-spr.doc\">WZO<\/a><\/li>\n<li>Regulamin wycieczek <a href=\"http:\/\/spboguszewo.gruta.pl\/wp-content\/uploads\/2018\/03\/Wycieczki-ca\u0142o\u015b\u0107.doc\">Wycieczki ca\u0142o\u015b\u0107<\/a><\/li>\n<li>Ceremonia\u0142 szko\u0142y<\/li>\n<li><a href=\"https:\/\/spboguszewo.gruta.pl\/wp-content\/uploads\/2023\/02\/dziennik-elektroniczny-procedura.pdf\">Dziennik elektroniczny<\/a><\/li>\n<li><a href=\"https:\/\/spboguszewo.gruta.pl\/wp-content\/uploads\/2023\/02\/Procedura-nagana.pdf\">Procedura udzielania nagany dyrektora szko\u0142y<\/a><\/li>\n<\/ul>\n","protected":false},"excerpt":{"rendered":"<p>statut szko\u0142y REGULAMIN RADY PEDAGOGICZNEJ SZKO\u0141Y PODSTAWOWEJ im Regulamin Samorz\u0105du Uczniowskiego Szko\u0142y Podstawowej w Boguszewie Regulamin Rady Rodzic\u00f3w Szko\u0142y Podstawowej w Boguszewie Zasady organizacji lekcji religii i etyki. Zasady organizacji wychowania do \u017cycia w rodzinie Zasady organizacji j\u0119zyka mniejszo\u015bci narodowej i etnicznej. Regulamin pracy Procedura przyprowadzania i odprowadzania dzieci z &hellip;<\/p>\n","protected":false},"author":1,"featured_media":0,"parent":0,"menu_order":3,"comment_status":"closed","ping_status":"closed","template":"","meta":{"footnotes":""},"class_list":["post-211","page","type-page","status-publish","hentry"],"_links":{"self":[{"href":"https:\/\/spboguszewo.gruta.pl\/index.php?rest_route=\/wp\/v2\/pages\/211","targetHints":{"allow":["GET"]}}],"collection":[{"href":"https:\/\/spboguszewo.gruta.pl\/index.php?rest_route=\/wp\/v2\/pages"}],"about":[{"href":"https:\/\/spboguszewo.gruta.pl\/index.php?rest_route=\/wp\/v2\/types\/page"}],"author":[{"embeddable":true,"href":"https:\/\/spboguszewo.gruta.pl\/index.php?rest_route=\/wp\/v2\/users\/1"}],"replies":[{"embeddable":true,"href":"https:\/\/spboguszewo.gruta.pl\/index.php?rest_route=%2Fwp%2Fv2%2Fcomments&post=211"}],"version-history":[{"count":16,"href":"https:\/\/spboguszewo.gruta.pl\/index.php?rest_route=\/wp\/v2\/pages\/211\/revisions"}],"predecessor-version":[{"id":1694,"href":"https:\/\/spboguszewo.gruta.pl\/index.php?rest_route=\/wp\/v2\/pages\/211\/revisions\/1694"}],"wp:attachment":[{"href":"https:\/\/spboguszewo.gruta.pl\/index.php?rest_route=%2Fwp%2Fv2%2Fmedia&parent=211"}],"curies":[{"name":"wp","href":"https:\/\/api.w.org\/{rel}","templated":true}]}}