{"id":175,"date":"2018-03-06T16:00:03","date_gmt":"2018-03-06T16:00:03","guid":{"rendered":"http:\/\/spboguszewo.gruta.pl\/?page_id=175"},"modified":"2018-03-12T10:36:51","modified_gmt":"2018-03-12T10:36:51","slug":"organizacja-nauczania-jezyka-mniejszosci","status":"publish","type":"page","link":"https:\/\/spboguszewo.gruta.pl\/?page_id=175","title":{"rendered":"Organizacja nauczania j\u0119zyka mniejszo\u015bci"},"content":{"rendered":"<ol>\n<li><strong>Rozporz\u0105dzenie MEN<\/strong> z dnia 18 sierpnia 2017 r.<br \/>\nw sprawie warunk\u00f3w i sposobu wykonywania przez przedszkola, szko\u0142y i plac\u00f3wki publiczne<br \/>\nzada\u0144 umo\u017cliwiaj\u0105cych podtrzymywanie poczucia to\u017csamo\u015bci narodowej, etnicznej i j\u0119zykowej uczni\u00f3w<br \/>\nnale\u017c\u0105cych do mniejszo\u015bci narodowych i etnicznych oraz spo\u0142eczno\u015bci pos\u0142uguj\u0105cej si\u0119 j\u0119zykiem regionalnym\u00a0 \u00a0<a href=\"http:\/\/spboguszewo.gruta.pl\/wp-content\/uploads\/2018\/03\/rozporzadzenie.pdf\">rozporzadzenie<\/a><\/li>\n<li><strong>Podstawa programowa kszta\u0142cenia og\u00f3lnego w zakresie nauczania j\u0119zyka mniejszo\u015bci narodowej<\/strong> <strong>2017<\/strong> &#8211;\u00a0<a href=\"http:\/\/spboguszewo.gruta.pl\/wp-content\/uploads\/2018\/03\/Podstawa-programowa-kszta\u0142cenia-og\u00f3lnego-z-komentarzem.-Szko\u0142a-podstawowa-_.pdf\">Podstawa programowa kszta\u0142cenia og\u00f3lnego z komentarzem. Szko\u0142a podstawowa, _<\/a><\/li>\n<li><strong>Zasady organizacji nauki j\u0119zyka mniejszo\u015bci narodowych 2017\/2018<\/strong>&#8211;<a href=\"http:\/\/spboguszewo.gruta.pl\/wp-content\/uploads\/2018\/03\/zasady-organizacji-nauki-uczniow-nalezacych-do-mniejszosci-narodowych-i-etnicznych-w-roku-szkolnym-1.pdf\">zasady-organizacji-nauki-uczniow-nalezacych-do-mniejszosci-narodowych-i-etnicznych-w-roku-szkolnym<\/a><\/li>\n<li><strong>Program nauczania dla klasy II i III 2017\/2018\u00a0<\/strong> <a href=\"http:\/\/spboguszewo.gruta.pl\/wp-content\/uploads\/2018\/03\/jmniemiecki_kl_1_3.pdf\">jmniemiecki_kl_1_3<\/a><\/li>\n<li><strong>Kryteria oceniania z przedmiotu &#8211; nauka j\u0119zyka mniejszo\u015bci narodowej dla edukacji wczesnoszkolnej 2017\/2018<\/strong> &#8211; <a href=\"http:\/\/spboguszewo.gruta.pl\/wp-content\/uploads\/2018\/03\/Przedmiotowy-system-oceniania-z-j\u0119zyka-niemieckiego-jako-j\u0119zyka-mniejszo\u015bci-narodowej.pdf\">Przedmiotowy system oceniania z j\u0119zyka niemieckiego jako j\u0119zyka mniejszo\u015bci narodowej<\/a>.<\/li>\n<li><strong>Program nauczania dla klasy IV 2017\/2018<\/strong> &#8211;<a href=\"http:\/\/spboguszewo.gruta.pl\/wp-content\/uploads\/2018\/03\/Zmodyfikowany-program-nauczania_j.niem_.mn_._II-etap-edukacji-nowa-podstawa.pdf\">Zmodyfikowany program nauczania_j.niem.mn._II etap edukacji &#8211; nowa podstawa<\/a><\/li>\n<li><strong>Program nauczania klasa V i VI 2017\/2018<\/strong> &#8211; <a href=\"http:\/\/spboguszewo.gruta.pl\/wp-content\/uploads\/2018\/03\/DeutschIstTrendy-stara-podstawa-programowa.pdf\">DeutschIstTrendy &#8211; stara podstawa programowa<\/a><\/li>\n<li><strong>Kryteria oceniania z przedmiotu &#8211; nauka j\u0119zyka mniejszo\u015bci narodowej dla II etapu edukacyjnego 2017\/2018<\/strong> &#8211; <a href=\"http:\/\/spboguszewo.gruta.pl\/wp-content\/uploads\/2018\/03\/kryteria-oceniania-II-etap-edukacyjny.pdf\">kryteria oceniania II etap edukacyjny<\/a><\/li>\n<\/ol>\n","protected":false},"excerpt":{"rendered":"<p>Rozporz\u0105dzenie MEN z dnia 18 sierpnia 2017 r. w sprawie warunk\u00f3w i sposobu wykonywania przez przedszkola, szko\u0142y i plac\u00f3wki publiczne zada\u0144 umo\u017cliwiaj\u0105cych podtrzymywanie poczucia to\u017csamo\u015bci narodowej, etnicznej i j\u0119zykowej uczni\u00f3w nale\u017c\u0105cych do mniejszo\u015bci narodowych i etnicznych oraz spo\u0142eczno\u015bci pos\u0142uguj\u0105cej si\u0119 j\u0119zykiem regionalnym\u00a0 \u00a0rozporzadzenie Podstawa programowa kszta\u0142cenia og\u00f3lnego w zakresie nauczania &hellip;<\/p>\n","protected":false},"author":1,"featured_media":0,"parent":21,"menu_order":6,"comment_status":"closed","ping_status":"closed","template":"","meta":{"footnotes":""},"class_list":["post-175","page","type-page","status-publish","hentry"],"_links":{"self":[{"href":"https:\/\/spboguszewo.gruta.pl\/index.php?rest_route=\/wp\/v2\/pages\/175","targetHints":{"allow":["GET"]}}],"collection":[{"href":"https:\/\/spboguszewo.gruta.pl\/index.php?rest_route=\/wp\/v2\/pages"}],"about":[{"href":"https:\/\/spboguszewo.gruta.pl\/index.php?rest_route=\/wp\/v2\/types\/page"}],"author":[{"embeddable":true,"href":"https:\/\/spboguszewo.gruta.pl\/index.php?rest_route=\/wp\/v2\/users\/1"}],"replies":[{"embeddable":true,"href":"https:\/\/spboguszewo.gruta.pl\/index.php?rest_route=%2Fwp%2Fv2%2Fcomments&post=175"}],"version-history":[{"count":8,"href":"https:\/\/spboguszewo.gruta.pl\/index.php?rest_route=\/wp\/v2\/pages\/175\/revisions"}],"predecessor-version":[{"id":193,"href":"https:\/\/spboguszewo.gruta.pl\/index.php?rest_route=\/wp\/v2\/pages\/175\/revisions\/193"}],"up":[{"embeddable":true,"href":"https:\/\/spboguszewo.gruta.pl\/index.php?rest_route=\/wp\/v2\/pages\/21"}],"wp:attachment":[{"href":"https:\/\/spboguszewo.gruta.pl\/index.php?rest_route=%2Fwp%2Fv2%2Fmedia&parent=175"}],"curies":[{"name":"wp","href":"https:\/\/api.w.org\/{rel}","templated":true}]}}