{"id":17,"date":"2018-02-06T11:56:25","date_gmt":"2018-02-06T11:56:25","guid":{"rendered":"http:\/\/spboguszewo.gruta.pl\/?page_id=17"},"modified":"2018-02-06T11:59:50","modified_gmt":"2018-02-06T11:59:50","slug":"patron-szkoly","status":"publish","type":"page","link":"https:\/\/spboguszewo.gruta.pl\/?page_id=17","title":{"rendered":"Patron Szko\u0142y"},"content":{"rendered":"<p><em><strong>&#8222;Przyszed\u0142em tu,<\/strong><\/em><em><strong> aby w\u015br\u00f3d<\/strong><\/em><em><strong> Was m\u0142odych<\/strong><\/em><em><strong> troch\u0119 odpocz\u0105\u0107. Przyszed\u0142em,<\/strong><\/em><em><strong> aby s\u0142ucha\u0107,<\/strong><\/em><em><strong> aby rozmawia\u0107 z Wami.&#8221;<\/strong><\/em><em><br \/>\n<\/em><\/p>\n<p style=\"text-align: right;\"><em>Jan Pawe\u0142 II<\/em><\/p>\n<pre>18 V 1920 r. Karol Wojty\u0142a przychodzi na \u015bwiat w Wadowicach. \u00a0\u00a0\r\n\u00a013 IV 1929 r. Umiera na serce Jego Matka Emilia. \r\n7 VIII 1938 r. Z Ojcem przeprowadza si\u0119 do Krakowa. Zaczyna studia.          \r\n18 II 1941 r. Na zapalenie p\u0142uc umiera ojciec Karol. \r\n1 XI 1946r. Karol Wojty\u0142a wy\u015bwi\u0119cony na kap\u0142ana.   \r\n4 VII 1958 r. Karol Wojty\u0142a mianowany na Biskupa Krakowskiego. \r\n26 VI 1967 r. Papie\u017c Pawe\u0142 VI ustanowi\u0142 Karola Wojty\u0142\u0119 kardyna\u0142em. \r\n16 X 1978 r. Karol Wojty\u0142a zostaje wybrany na papie\u017ca Jana Paw\u0142a II.\r\n2-10 VI 1979 r. Pierwsza wizyta w Ojczy\u017anie. \r\n13 V 1981 r. Zamach Ali Agcy na \u017cycie Jana Paw\u0142a II \r\n2 IV 2005 r. Godzina 21:37  umiera Polski papie\u017c Jan Pawe\u0142 II \r\n16 X 2005 r. Nasza szko\u0142a otrzymuje imi\u0119 Jana Paw\u0142a II \r\n1 V 2011 r. beatyfikacja Jana Paw\u0142a II\r\n22 pa\u017adziernik - dzie\u0144 modlitw do b\u0142ogos\u0142awionego Jana Paw\u0142a II\r\n27 kwietnia 2014 r. - kanonizacja Jana Paw\u0142a II<\/pre>\n","protected":false},"excerpt":{"rendered":"<p>&#8222;Przyszed\u0142em tu, aby w\u015br\u00f3d Was m\u0142odych troch\u0119 odpocz\u0105\u0107. Przyszed\u0142em, aby s\u0142ucha\u0107, aby rozmawia\u0107 z Wami.&#8221; Jan Pawe\u0142 II 18 V 1920 r. Karol Wojty\u0142a przychodzi na \u015bwiat w Wadowicach. \u00a0\u00a0 \u00a013 IV 1929 r. Umiera na serce Jego Matka Emilia. 7 VIII 1938 r. Z Ojcem przeprowadza si\u0119 do Krakowa. &hellip;<\/p>\n","protected":false},"author":1,"featured_media":0,"parent":21,"menu_order":0,"comment_status":"closed","ping_status":"closed","template":"","meta":{"footnotes":""},"class_list":["post-17","page","type-page","status-publish","hentry"],"_links":{"self":[{"href":"https:\/\/spboguszewo.gruta.pl\/index.php?rest_route=\/wp\/v2\/pages\/17","targetHints":{"allow":["GET"]}}],"collection":[{"href":"https:\/\/spboguszewo.gruta.pl\/index.php?rest_route=\/wp\/v2\/pages"}],"about":[{"href":"https:\/\/spboguszewo.gruta.pl\/index.php?rest_route=\/wp\/v2\/types\/page"}],"author":[{"embeddable":true,"href":"https:\/\/spboguszewo.gruta.pl\/index.php?rest_route=\/wp\/v2\/users\/1"}],"replies":[{"embeddable":true,"href":"https:\/\/spboguszewo.gruta.pl\/index.php?rest_route=%2Fwp%2Fv2%2Fcomments&post=17"}],"version-history":[{"count":3,"href":"https:\/\/spboguszewo.gruta.pl\/index.php?rest_route=\/wp\/v2\/pages\/17\/revisions"}],"predecessor-version":[{"id":351,"href":"https:\/\/spboguszewo.gruta.pl\/index.php?rest_route=\/wp\/v2\/pages\/17\/revisions\/351"}],"up":[{"embeddable":true,"href":"https:\/\/spboguszewo.gruta.pl\/index.php?rest_route=\/wp\/v2\/pages\/21"}],"wp:attachment":[{"href":"https:\/\/spboguszewo.gruta.pl\/index.php?rest_route=%2Fwp%2Fv2%2Fmedia&parent=17"}],"curies":[{"name":"wp","href":"https:\/\/api.w.org\/{rel}","templated":true}]}}